{"id":26,"date":"2018-02-17T13:50:25","date_gmt":"2018-02-17T12:50:25","guid":{"rendered":"http:\/\/m-vibration.com\/?page_id=26"},"modified":"2020-05-01T13:48:50","modified_gmt":"2020-05-01T11:48:50","slug":"presentation","status":"publish","type":"page","link":"https:\/\/m-vibration.com\/","title":{"rendered":"Pr\u00e9sentation"},"content":{"rendered":"<h2 style=\"text-align: center;\"><strong>D\u00e9couvrez une autre mani\u00e8re d&rsquo;\u00e9couter et ressentir la musique !<\/strong><\/h2>\n<p><img loading=\"lazy\" decoding=\"async\" class=\"aligncenter wp-image-110 size-image-scale-with-grid-full-height\" src=\"http:\/\/m-vibration.com\/wp-content\/uploads\/2018\/03\/IMG_2545-930x698.jpg\" alt=\"M-vibration\" width=\"930\" height=\"698\" srcset=\"https:\/\/m-vibration.com\/wp-content\/uploads\/2018\/03\/IMG_2545-930x698.jpg 930w, https:\/\/m-vibration.com\/wp-content\/uploads\/2018\/03\/IMG_2545-300x225.jpg 300w, https:\/\/m-vibration.com\/wp-content\/uploads\/2018\/03\/IMG_2545-768x576.jpg 768w, https:\/\/m-vibration.com\/wp-content\/uploads\/2018\/03\/IMG_2545-1024x768.jpg 1024w\" sizes=\"auto, (max-width: 930px) 100vw, 930px\" \/><\/p>\n<p>M-Vibration est un concept d&rsquo;\u00e9coute musicale o\u00f9 le son ne passe plus uniquement par les oreilles mais par l&rsquo;ensemble du syst\u00e8me osseux.<span class=\"text_exposed_show\"><br \/>\nCe syst\u00e8me de diffusion sonore, cr\u00e9\u00e9 par moi-m\u00eame : Mathieu PAGNAULT, est bas\u00e9 sur la r\u00e9ception des vibrations musicales par nos os. Le cerveau, habitu\u00e9 \u00e0 recevoir ce message sonore vibratoire (exemple: notre cage thoracique qui vibre lorsque nous parlons ou chantons), interpr\u00e8te l&rsquo;ensemble des vibrations et les retranscrit en musique de la m\u00eame mani\u00e8re que lorsque le message sonore passe par le syst\u00e8me auriculaire.<br \/>\nCette invention permet d&rsquo;avoir une \u00e9coute musicale en 3Dimensions car non seulement le son s&rsquo;\u00e9coute de mani\u00e8re classique, mais aujourd&rsquo;hui il peut se ressentir de l&rsquo;int\u00e9rieur, r\u00e9v\u00e9lant ainsi toute les dimensions du son.<\/span><\/p>\n<p>Ce dispositif ouvre des portes sur plusieurs domaines de comp\u00e9tences que nous vous invitons \u00e0 d\u00e9couvrir en navigant sur ce site.<\/p>\n<ul>\n<li>\n<h3><a href=\"http:\/\/m-vibration.com\/index.php\/2018\/02\/18\/musique-vibratoire\/\"><strong>La Musique accessible aux sourds :<\/strong><\/a><\/h3>\n<\/li>\n<\/ul>\n<div class=\"text_exposed_show\">\n<p>Gr\u00e2ce \u00e0 ce syst\u00e8me, la musique devient accessible au public sourd et\/ou malentendant. Cette nouvelle approche de l&rsquo;\u00e9coute musicale leur permet \u00ab\u00a0d&rsquo;entendre\u00a0\u00bb gr\u00e2ce aux vibrations sonores projet\u00e9es sur leur syst\u00e8me osseux.<br \/>\nPlusieurs exp\u00e9riences aupr\u00e8s du public concern\u00e9 ont \u00e9t\u00e9 tr\u00e8s concluantes. Certains enfants sourds se mettaient m\u00eame \u00e0 chanter les refrains des chansons sur le bon tempo!<br \/>\nCe syst\u00e8me permet de donner acc\u00e8s \u00e0 la cr\u00e9ation musicale pour les sourds et malentendants. Je suis d\u00e9j\u00e0 impatient d&rsquo;entendre ce que certain prodige pourrait nous d\u00e9voiler&#8230;?<\/p>\n<p><a href=\"http:\/\/m-vibration.com\/index.php\/2018\/02\/18\/musique-vibratoire\/\">En savoir plus&#8230;<\/a><\/p>\n<p>Au del\u00e0 de l&rsquo;acc\u00e8s au monde musical pour les sourds et malentendants, <strong>le syst\u00e8me M-Vibration r\u00e9v\u00e8le d&rsquo;autres utilisations insoup\u00e7onn\u00e9es :<\/strong><\/p>\n<\/div>\n<ul>\n<li>\n<h3><a href=\"http:\/\/m-vibration.com\/index.php\/2018\/02\/17\/therapie\/\"><strong>Pour la Th\u00e9rapie :<\/strong><\/a><\/h3>\n<\/li>\n<\/ul>\n<p>Apr\u00e8s de nombreuses ann\u00e9es d&rsquo;exp\u00e9rimentations et de recherche j&rsquo;ai d\u00e9couvert que le plancher vibrant \u00e9tait un r\u00e9el outil d&rsquo;aide au soin th\u00e9rapeutique. Aujourd&rsquo;hui le syst\u00e8me M-Vibration peut \u00eatre ais\u00e9ment utilis\u00e9 dans le cadre de th\u00e9rapie et d&rsquo;aide au traitement de maladie plus ou moins lourde. Il s&rsquo;agit bien ici d&rsquo;une AIDE suppl\u00e9mentaire au traitement et ne pr\u00e9tend en aucun cas remplacer les \u00e9ventuels soins allopathiques occidentaux. Le principe est d\u00e9crit dans le lien <a href=\"http:\/\/m-vibration.com\/index.php\/2018\/02\/17\/therapie\/\">ICI<\/a>\u00a0, il est bas\u00e9 sur les recherches du Docteur Royal Raymond RIFE qui a fait un travail colossale sur la neutralisation des cellules canc\u00e9reuses chez des patients par le biais de fr\u00e9quences \u00ab\u00a0gu\u00e9risseuses\u00a0\u00bb.<\/p>\n<p><a href=\"http:\/\/m-vibration.com\/index.php\/2018\/02\/17\/therapie\/\">En savoir plus&#8230;<\/a><\/p>\n<ul>\n<li>\n<h3><a href=\"http:\/\/m-vibration.com\/index.php\/2018\/02\/16\/meditation\/\"><strong>Pour la M\u00e9ditation :<\/strong><\/a><\/h3>\n<\/li>\n<\/ul>\n<p>Mes recherches en mati\u00e8re de vibrations corporelles m&rsquo;ont amen\u00e9 \u00e0 d\u00e9velopper un plancher vibrant \u00e9quip\u00e9 de programmes sp\u00e9cialement d\u00e9di\u00e9s \u00e0 la pratique de la m\u00e9ditation. Ce dispositif permet de r\u00e9\u00e9quilibrer les centres vibratoires du corps. Ces zones correspondent aux diff\u00e9rents chakras chez les indiens. Chaque centre vibratoire poss\u00e8de sa propre fr\u00e9quence de vibration, si celle-ci est d\u00e9saccord\u00e9e elle cr\u00e9e un d\u00e9s\u00e9quilibre des harmonies vibratoires du corps. Le plancher m\u00e9ditatif M-Vibration permet de r\u00e9-accorder ses centres vibratoires par r\u00e9sonance et cr\u00e9er ainsi une meilleure circulation des \u00e9nergies vitales.<\/p>\n<p><a href=\"http:\/\/m-vibration.com\/index.php\/2018\/02\/16\/meditation\/\">En savoir plus&#8230;\u00a0<\/a><\/p>\n<ul>\n<li>\n<h3><a href=\"http:\/\/m-vibration.com\/index.php\/2018\/02\/14\/projet-sur-mesure\/\"><strong>Pour les Sensations<\/strong><\/a><\/h3>\n<\/li>\n<\/ul>\n<p>Le syst\u00e8me de diffusion sonore <strong>M-Vibration<\/strong> ouvre \u00e9galement des portes pour l&rsquo;installation de <strong>syst\u00e8me d&rsquo;\u00e9coute en 3D<\/strong>.<\/p>\n<p>J&rsquo;ai effectu\u00e9 des exp\u00e9riences en milieu aquatique qui se sont r\u00e9v\u00e9l\u00e9es surprenantes. Le syst\u00e8me diffuse des vibrations dans le milieu aquatique qui reste aujourd&rsquo;hui le meilleur conducteur sonore qui existe, les dauphins, c\u00e9tac\u00e9s et autres animaux marins utilisent ces vertus physiques depuis bien longtemps pour communiquer \u00e0 plusieurs centaines de kilom\u00e8tres. Ce dispositif permet non seulement d&rsquo;\u00e9couter la musique diffus\u00e9e, mais \u00e9galement de la ressentir \u00e0 travers l&rsquo;ensemble de son corps.<\/p>\n<p>Cet ouitl peut \u00e9galement se pr\u00eater \u00e0 des exp\u00e9riences sonores surprenantes. Par exemple il est possible d&rsquo;installer ce syst\u00e8me sur le tronc d&rsquo;un arbre et ainsi ressentir et entendre la musique dans l&rsquo;ensemble de l&rsquo;arbre, du tronc jusqu&rsquo;aux plus hautes branches. Je suis de ce fait ouvert \u00e0 toutes propositions de type artistique, installations ou performances.<\/p>\n<p>Je peux installer le dispositif \u00e0 votre domicile, sur-mesure, pour vous permettre d&rsquo;avoir une \u00e9coute en 3D de votre musique ou film pr\u00e9f\u00e9r\u00e9. Ce syst\u00e8me peut se lier \u00e0 votre home cin\u00e9ma pour vous apporter un ressenti corporel des sons au plus profond de vous-m\u00eame.<\/p>\n<p>Vous l&rsquo;avez compris, le syst\u00e8me sonore M-Vibration est adaptable \u00e0 de nombreuses utilisations, il est possible d&rsquo;\u00e9tudier tout type de demande d&rsquo;installation alors n&rsquo;h\u00e9sitez pas \u00e0 me contacter pour vos projets.<\/p>\n<p><a href=\"http:\/\/m-vibration.com\/index.php\/2018\/02\/14\/projet-sur-mesure\/\">En savoir plus&#8230;<\/a><\/p>\n<p>Je vous invite \u00e0 parcourir les pages du site et ainsi d\u00e9couvrir les diff\u00e9rents ateliers et produits M-Vibration que je vous propose.<\/p>\n<p>Bonne visite \u00e0 tous!<\/p>\n","protected":false},"excerpt":{"rendered":"<p>D\u00e9couvrez une autre mani\u00e8re d&rsquo;\u00e9couter et ressentir la musique ! M-Vibration est un concept d&rsquo;\u00e9coute musicale o\u00f9 le son ne passe plus uniquement par les oreilles mais par l&rsquo;ensemble du &hellip; <\/p>\n","protected":false},"author":1,"featured_media":0,"parent":0,"menu_order":0,"comment_status":"closed","ping_status":"closed","template":"","meta":{"footnotes":""},"class_list":["post-26","page","type-page","status-publish","hentry"],"_links":{"self":[{"href":"https:\/\/m-vibration.com\/index.php\/wp-json\/wp\/v2\/pages\/26","targetHints":{"allow":["GET"]}}],"collection":[{"href":"https:\/\/m-vibration.com\/index.php\/wp-json\/wp\/v2\/pages"}],"about":[{"href":"https:\/\/m-vibration.com\/index.php\/wp-json\/wp\/v2\/types\/page"}],"author":[{"embeddable":true,"href":"https:\/\/m-vibration.com\/index.php\/wp-json\/wp\/v2\/users\/1"}],"replies":[{"embeddable":true,"href":"https:\/\/m-vibration.com\/index.php\/wp-json\/wp\/v2\/comments?post=26"}],"version-history":[{"count":20,"href":"https:\/\/m-vibration.com\/index.php\/wp-json\/wp\/v2\/pages\/26\/revisions"}],"predecessor-version":[{"id":280,"href":"https:\/\/m-vibration.com\/index.php\/wp-json\/wp\/v2\/pages\/26\/revisions\/280"}],"wp:attachment":[{"href":"https:\/\/m-vibration.com\/index.php\/wp-json\/wp\/v2\/media?parent=26"}],"curies":[{"name":"wp","href":"https:\/\/api.w.org\/{rel}","templated":true}]}}